{"id":56,"date":"2022-12-13T15:08:51","date_gmt":"2022-12-13T14:08:51","guid":{"rendered":"https:\/\/hsv.lausitz-event.info\/?page_id=56"},"modified":"2024-03-14T00:09:16","modified_gmt":"2024-03-13T23:09:16","slug":"geschichte","status":"publish","type":"page","link":"https:\/\/www.hsv-senftenberg.de\/?page_id=56","title":{"rendered":"Geschichte"},"content":{"rendered":"\n<p>Am Ende des Jahres 2004 beschlossen die Mitglieder der Abteilung Handball des SV Senftenberg einen eigenst\u00e4ndigen Verein zu gr\u00fcnden. Somit wurde im Dezember 2004 der Handballsportverein Senftenberg aus der Taufe gehoben. Er besteht derzeit aus ca. 80 Vereinsmitgliedern (Stand 03\/2024). 15 kleinere und gr\u00f6\u00dfere Firmen unterst\u00fctzen unseren Verein derzeit als Sponsoren.<\/p>\n\n\n\n<p style=\"font-size:30px\"><strong>Geschichte der Niederlausitzhalle<\/strong><\/p>\n\n\n\n<p>Ein alter Kohleschuppen wurde ab 1957 zu einer Sporthalle umgebaut. Die \u00dcbergabe war am 31.10.1959 als gr\u00f6\u00dfte freitragende Halle Europas mit dem Namen Sporthalle &#8222;Aktivist.&#8220; Bis 1971 wurde auf Naturboden gelaufen. 1971\/72 entstand eine 250 m Kunststoffbahn. Die Dachkonstruktion wurde 1976\/77 erneuert. Tr\u00e4ger der Sporthalle war das BKK Senftenberg. Nach der Wende erfolgte eine \u00dcbernahme durch die Stadt Senftenberg. Seit den 60-er Jahren fanden die DDR-Meisterschaften, L\u00e4nderk\u00e4mpfe und andere nationale Veranstaltungen in der Leichtathletik statt. Wettk\u00e4mpfe im Boxen, Fu\u00dfball, Faustball und Handball standen ebenfalls auf dem Programm. Durch die guten Bedingungen wurden in der Leichtathletik viele Weltklasseleistungen erzielt, die bis heute als deutsche Rekorde Bestand haben. Die Halle war und ist Trainingsst\u00e4tte f\u00fcr verschiedene Sportarten. In den letzten Jahren fanden au\u00dferdem Messen und andere Veranstaltungen statt. Seit dem 01.01.2005 ist der TSV Senftenberg Tr\u00e4ger der Niederlausitzhalle. (Infos TSV Senftenberg)<\/p>\n\n\n<div class=\"wp-block-image\">\n<figure class=\"aligncenter size-full is-resized\"><img loading=\"lazy\" decoding=\"async\" width=\"468\" height=\"372\" src=\"https:\/\/www.hsv-senftenberg.de\/wp-content\/uploads\/2024\/03\/Bild15.png\" alt=\"\" class=\"wp-image-363\" style=\"width:446px;height:auto\" srcset=\"https:\/\/www.hsv-senftenberg.de\/wp-content\/uploads\/2024\/03\/Bild15.png 468w, https:\/\/www.hsv-senftenberg.de\/wp-content\/uploads\/2024\/03\/Bild15-300x238.png 300w\" sizes=\"auto, (max-width: 468px) 100vw, 468px\" \/><\/figure><\/div>\n\n<div class=\"wp-block-image\">\n<figure class=\"aligncenter size-full is-resized\"><img loading=\"lazy\" decoding=\"async\" width=\"500\" height=\"344\" src=\"https:\/\/www.hsv-senftenberg.de\/wp-content\/uploads\/2024\/03\/Bild16-1.png\" alt=\"\" class=\"wp-image-365\" style=\"width:448px;height:auto\" srcset=\"https:\/\/www.hsv-senftenberg.de\/wp-content\/uploads\/2024\/03\/Bild16-1.png 500w, https:\/\/www.hsv-senftenberg.de\/wp-content\/uploads\/2024\/03\/Bild16-1-300x206.png 300w\" sizes=\"auto, (max-width: 500px) 100vw, 500px\" \/><\/figure><\/div>\n\n<div class=\"wp-block-image\">\n<figure class=\"aligncenter size-full is-resized\"><img loading=\"lazy\" decoding=\"async\" width=\"364\" height=\"273\" src=\"https:\/\/www.hsv-senftenberg.de\/wp-content\/uploads\/2024\/03\/Bild18.png\" alt=\"\" class=\"wp-image-367\" style=\"width:453px;height:auto\" srcset=\"https:\/\/www.hsv-senftenberg.de\/wp-content\/uploads\/2024\/03\/Bild18.png 364w, https:\/\/www.hsv-senftenberg.de\/wp-content\/uploads\/2024\/03\/Bild18-300x225.png 300w\" sizes=\"auto, (max-width: 364px) 100vw, 364px\" \/><\/figure><\/div>\n\n<div class=\"wp-block-image\">\n<figure class=\"aligncenter size-full is-resized\"><img loading=\"lazy\" decoding=\"async\" width=\"500\" height=\"375\" src=\"https:\/\/www.hsv-senftenberg.de\/wp-content\/uploads\/2024\/03\/Bild17.png\" alt=\"\" class=\"wp-image-366\" style=\"width:444px;height:auto\" srcset=\"https:\/\/www.hsv-senftenberg.de\/wp-content\/uploads\/2024\/03\/Bild17.png 500w, https:\/\/www.hsv-senftenberg.de\/wp-content\/uploads\/2024\/03\/Bild17-300x225.png 300w\" sizes=\"auto, (max-width: 500px) 100vw, 500px\" \/><\/figure><\/div>","protected":false},"excerpt":{"rendered":"<p>Am Ende des Jahres 2004 beschlossen die Mitglieder der Abteilung Handball des SV Senftenberg einen eigenst\u00e4ndigen Verein zu gr\u00fcnden. Somit wurde im Dezember 2004 der Handballsportverein Senftenberg aus der Taufe gehoben. Er besteht derzeit aus ca. 80 Vereinsmitgliedern (Stand 03\/2024).&hellip;<\/p>\n","protected":false},"author":1,"featured_media":0,"parent":0,"menu_order":0,"comment_status":"closed","ping_status":"closed","template":"","meta":{"_mc_calendar":[],"footnotes":""},"class_list":["post-56","page","type-page","status-publish","hentry"],"_links":{"self":[{"href":"https:\/\/www.hsv-senftenberg.de\/index.php?rest_route=\/wp\/v2\/pages\/56","targetHints":{"allow":["GET"]}}],"collection":[{"href":"https:\/\/www.hsv-senftenberg.de\/index.php?rest_route=\/wp\/v2\/pages"}],"about":[{"href":"https:\/\/www.hsv-senftenberg.de\/index.php?rest_route=\/wp\/v2\/types\/page"}],"author":[{"embeddable":true,"href":"https:\/\/www.hsv-senftenberg.de\/index.php?rest_route=\/wp\/v2\/users\/1"}],"replies":[{"embeddable":true,"href":"https:\/\/www.hsv-senftenberg.de\/index.php?rest_route=%2Fwp%2Fv2%2Fcomments&post=56"}],"version-history":[{"count":6,"href":"https:\/\/www.hsv-senftenberg.de\/index.php?rest_route=\/wp\/v2\/pages\/56\/revisions"}],"predecessor-version":[{"id":403,"href":"https:\/\/www.hsv-senftenberg.de\/index.php?rest_route=\/wp\/v2\/pages\/56\/revisions\/403"}],"wp:attachment":[{"href":"https:\/\/www.hsv-senftenberg.de\/index.php?rest_route=%2Fwp%2Fv2%2Fmedia&parent=56"}],"curies":[{"name":"wp","href":"https:\/\/api.w.org\/{rel}","templated":true}]}}